{"id":28,"date":"2023-11-24T12:26:56","date_gmt":"2023-11-24T11:26:56","guid":{"rendered":"https:\/\/postercoleccion.com\/carrito\/"},"modified":"2023-11-24T12:26:56","modified_gmt":"2023-11-24T11:26:56","slug":"carrito","status":"publish","type":"page","link":"https:\/\/postercoleccion.com\/?page_id=28","title":{"rendered":"Carrito"},"content":{"rendered":"<div data-block-name=\"woocommerce\/cart\" class=\"wp-block-woocommerce-cart alignwide is-loading\"><div data-block-name=\"woocommerce\/filled-cart-block\" class=\"wp-block-woocommerce-filled-cart-block\"><div data-block-name=\"woocommerce\/cart-items-block\" class=\"wp-block-woocommerce-cart-items-block\"><div data-block-name=\"woocommerce\/cart-line-items-block\" class=\"wp-block-woocommerce-cart-line-items-block\"><\/div>\n\n<div data-block-name=\"woocommerce\/cart-cross-sells-block\" class=\"wp-block-woocommerce-cart-cross-sells-block\"><h2 class=\"wp-block-heading has-large-font-size\">Puede que te interese\u2026<\/h2>\n\n<div data-block-name=\"woocommerce\/cart-cross-sells-products-block\" class=\"wp-block-woocommerce-cart-cross-sells-products-block\"><\/div><\/div><\/div>\n\n<div data-block-name=\"woocommerce\/cart-totals-block\" class=\"wp-block-woocommerce-cart-totals-block\"><div data-block-name=\"woocommerce\/cart-order-summary-block\" class=\"wp-block-woocommerce-cart-order-summary-block\"><div data-block-name=\"woocommerce\/cart-order-summary-heading-block\" class=\"wp-block-woocommerce-cart-order-summary-heading-block\"><\/div><div data-block-name=\"woocommerce\/cart-order-summary-coupon-form-block\" class=\"wp-block-woocommerce-cart-order-summary-coupon-form-block\"><\/div><div data-block-name=\"woocommerce\/cart-order-summary-totals-block\" class=\"wp-block-woocommerce-cart-order-summary-totals-block\">\n<div data-block-name=\"woocommerce\/cart-order-summary-subtotal-block\" class=\"wp-block-woocommerce-cart-order-summary-subtotal-block\"><\/div>\n<div data-block-name=\"woocommerce\/cart-order-summary-discount-block\" class=\"wp-block-woocommerce-cart-order-summary-discount-block\"><\/div>\n<div data-block-name=\"woocommerce\/cart-order-summary-fee-block\" class=\"wp-block-woocommerce-cart-order-summary-fee-block\"><\/div>\n<div data-block-name=\"woocommerce\/cart-order-summary-shipping-block\" class=\"wp-block-woocommerce-cart-order-summary-shipping-block\"><\/div>\n<div data-block-name=\"woocommerce\/cart-order-summary-taxes-block\" class=\"wp-block-woocommerce-cart-order-summary-taxes-block\"><\/div><\/div><\/div>\n\n<div data-block-name=\"woocommerce\/cart-express-payment-block\" class=\"wp-block-woocommerce-cart-express-payment-block\"><\/div>\n\n<div data-block-name=\"woocommerce\/proceed-to-checkout-block\" class=\"wp-block-woocommerce-proceed-to-checkout-block\"><\/div>\n\n<div data-block-name=\"woocommerce\/cart-accepted-payment-methods-block\" class=\"wp-block-woocommerce-cart-accepted-payment-methods-block\"><\/div><\/div><\/div>\n\n<div data-block-name=\"woocommerce\/empty-cart-block\" class=\"wp-block-woocommerce-empty-cart-block\"><h2 class=\"wp-block-heading has-text-align-center with-empty-cart-icon wc-block-cart__empty-cart__title\">\u00a1Tu carrito actualmente est\u00e1 vac\u00edo!<\/h2>\n\n<hr class=\"wp-block-separator has-alpha-channel-opacity is-style-dots\"\/>\n\n<h2 class=\"wp-block-heading has-text-align-center\">Nuevo en la tienda<\/h2>\n\n<div data-block-name=\"woocommerce\/product-new\" data-columns=\"4\" data-rows=\"1\" class=\"wc-block-grid wp-block-product-new wp-block-woocommerce-product-new wc-block-product-new has-4-columns\"><ul class=\"wc-block-grid__products\"><li class=\"wc-block-grid__product\">\n\t\t\t\t<a href=\"https:\/\/postercoleccion.com\/?product=poster-mitologia-nordica\" class=\"wc-block-grid__product-link\">\n\t\t\t\t\t\n\t\t\t\t\t<div class=\"wc-block-grid__product-image\"><img loading=\"lazy\" decoding=\"async\" width=\"300\" height=\"212\" src=\"https:\/\/postercoleccion.com\/wp-content\/uploads\/2024\/05\/Nordica-1200x848x76-300x212.webp\" class=\"attachment-woocommerce_thumbnail size-woocommerce_thumbnail\" alt=\"p\u00f3ster mitolog\u00eda n\u00f3rdica. postercoleccion.com\" srcset=\"https:\/\/postercoleccion.com\/wp-content\/uploads\/2024\/05\/Nordica-1200x848x76-300x212.webp 300w, https:\/\/postercoleccion.com\/wp-content\/uploads\/2024\/05\/Nordica-1200x848x76-1024x724.webp 1024w, https:\/\/postercoleccion.com\/wp-content\/uploads\/2024\/05\/Nordica-1200x848x76-768x543.webp 768w, https:\/\/postercoleccion.com\/wp-content\/uploads\/2024\/05\/Nordica-1200x848x76-600x424.webp 600w, https:\/\/postercoleccion.com\/wp-content\/uploads\/2024\/05\/Nordica-1200x848x76.webp 1200w\" sizes=\"auto, (max-width: 300px) 100vw, 300px\" \/><\/div>\n\t\t\t\t\t<div class=\"wc-block-grid__product-title\">P\u00f3ster Mitolog\u00eda N\u00f3rdica<\/div>\n\t\t\t\t<\/a>\n\t\t\t\t<div class=\"wc-block-grid__product-price price\"><span class=\"woocommerce-Price-amount amount\">35,00&nbsp;<span class=\"woocommerce-Price-currencySymbol\">&euro;<\/span><\/span><\/div>\n\t\t\t\t\n\t\t\t\t<div class=\"wp-block-button wc-block-grid__product-add-to-cart\"><a href=\"?add-to-cart=135\" aria-label=\"A\u00f1adir al carrito: &ldquo;P\u00f3ster Mitolog\u00eda N\u00f3rdica&rdquo;\" data-quantity=\"1\" data-product_id=\"135\" data-product_sku=\"poster-mitologia-griega-2\" data-price=\"35\" rel=\"nofollow\" class=\"wp-block-button__link  add_to_cart_button ajax_add_to_cart\">A\u00f1adir al carrito<\/a><\/div>\n\t\t\t<\/li><li class=\"wc-block-grid__product\">\n\t\t\t\t<a href=\"https:\/\/postercoleccion.com\/?product=pack-4-posters-culturales\" class=\"wc-block-grid__product-link\">\n\t\t\t\t\t\n\t\t\t\t\t<div class=\"wc-block-grid__product-image\"><img loading=\"lazy\" decoding=\"async\" width=\"300\" height=\"225\" src=\"https:\/\/postercoleccion.com\/wp-content\/uploads\/2023\/12\/Pack-4-300x225.jpg\" class=\"attachment-woocommerce_thumbnail size-woocommerce_thumbnail\" alt=\"lote de 4 l\u00e1minas hist\u00f3ricas y mitol\u00f3gicas postercoleccion.com\" srcset=\"https:\/\/postercoleccion.com\/wp-content\/uploads\/2023\/12\/Pack-4-300x225.jpg 300w, https:\/\/postercoleccion.com\/wp-content\/uploads\/2023\/12\/Pack-4-1024x768.jpg 1024w, https:\/\/postercoleccion.com\/wp-content\/uploads\/2023\/12\/Pack-4-768x576.jpg 768w, https:\/\/postercoleccion.com\/wp-content\/uploads\/2023\/12\/Pack-4-1536x1152.jpg 1536w, https:\/\/postercoleccion.com\/wp-content\/uploads\/2023\/12\/Pack-4-2048x1536.jpg 2048w, https:\/\/postercoleccion.com\/wp-content\/uploads\/2023\/12\/Pack-4-600x450.jpg 600w\" sizes=\"auto, (max-width: 300px) 100vw, 300px\" \/><\/div>\n\t\t\t\t\t<div class=\"wc-block-grid__product-title\">Pack 4 Posters culturales<\/div>\n\t\t\t\t<\/a>\n\t\t\t\t<div class=\"wc-block-grid__product-price price\"><span class=\"woocommerce-Price-amount amount\">90,00&nbsp;<span class=\"woocommerce-Price-currencySymbol\">&euro;<\/span><\/span><\/div>\n\t\t\t\t\n\t\t\t\t<div class=\"wp-block-button wc-block-grid__product-add-to-cart\"><a href=\"?add-to-cart=88\" aria-label=\"A\u00f1adir al carrito: &ldquo;Pack 4 Posters culturales&rdquo;\" data-quantity=\"1\" data-product_id=\"88\" data-product_sku=\"poster-mitologia-griega-1\" data-price=\"90\" rel=\"nofollow\" class=\"wp-block-button__link  add_to_cart_button ajax_add_to_cart\">A\u00f1adir al carrito<\/a><\/div>\n\t\t\t<\/li><li class=\"wc-block-grid__product\">\n\t\t\t\t<a href=\"https:\/\/postercoleccion.com\/?product=poster-arbol-genealogico-de-la-biblia\" class=\"wc-block-grid__product-link\">\n\t\t\t\t\t\n\t\t\t\t\t<div class=\"wc-block-grid__product-image\"><img loading=\"lazy\" decoding=\"async\" width=\"300\" height=\"225\" src=\"https:\/\/postercoleccion.com\/wp-content\/uploads\/2023\/11\/ANUNCIO-BIBLIA-300x225.jpg\" class=\"attachment-woocommerce_thumbnail size-woocommerce_thumbnail\" alt=\"p\u00f3ster \u00e1rbol geneal\u00f3gico de la biblia postercoleccion.com\" srcset=\"https:\/\/postercoleccion.com\/wp-content\/uploads\/2023\/11\/ANUNCIO-BIBLIA-300x225.jpg 300w, https:\/\/postercoleccion.com\/wp-content\/uploads\/2023\/11\/ANUNCIO-BIBLIA-1024x768.jpg 1024w, https:\/\/postercoleccion.com\/wp-content\/uploads\/2023\/11\/ANUNCIO-BIBLIA-768x576.jpg 768w, https:\/\/postercoleccion.com\/wp-content\/uploads\/2023\/11\/ANUNCIO-BIBLIA-1536x1152.jpg 1536w, https:\/\/postercoleccion.com\/wp-content\/uploads\/2023\/11\/ANUNCIO-BIBLIA-2048x1536.jpg 2048w, https:\/\/postercoleccion.com\/wp-content\/uploads\/2023\/11\/ANUNCIO-BIBLIA-600x450.jpg 600w\" sizes=\"auto, (max-width: 300px) 100vw, 300px\" \/><\/div>\n\t\t\t\t\t<div class=\"wc-block-grid__product-title\">P\u00f3ster Arbol Geneal\u00f3gico de la Biblia<\/div>\n\t\t\t\t<\/a>\n\t\t\t\t<div class=\"wc-block-grid__product-price price\"><span class=\"woocommerce-Price-amount amount\">35,00&nbsp;<span class=\"woocommerce-Price-currencySymbol\">&euro;<\/span><\/span><\/div>\n\t\t\t\t\n\t\t\t\t<div class=\"wp-block-button wc-block-grid__product-add-to-cart\"><a href=\"?add-to-cart=53\" aria-label=\"A\u00f1adir al carrito: &ldquo;P\u00f3ster Arbol Geneal\u00f3gico de la Biblia&rdquo;\" data-quantity=\"1\" data-product_id=\"53\" data-product_sku=\"poster-arbol-genealogico-de-la-biblia\" data-price=\"35\" rel=\"nofollow\" class=\"wp-block-button__link  add_to_cart_button ajax_add_to_cart\">A\u00f1adir al carrito<\/a><\/div>\n\t\t\t<\/li><li class=\"wc-block-grid__product\">\n\t\t\t\t<a href=\"https:\/\/postercoleccion.com\/?product=poster-historia-y-mitologia-de-roma\" class=\"wc-block-grid__product-link\">\n\t\t\t\t\t\n\t\t\t\t\t<div class=\"wc-block-grid__product-image\"><img loading=\"lazy\" decoding=\"async\" width=\"300\" height=\"225\" src=\"https:\/\/postercoleccion.com\/wp-content\/uploads\/2023\/11\/ANUNCIO-ROMA-300x225.jpg\" class=\"attachment-woocommerce_thumbnail size-woocommerce_thumbnail\" alt=\"p\u00f3ster historia y mitolog\u00eda romana. postercoleccion.com\" srcset=\"https:\/\/postercoleccion.com\/wp-content\/uploads\/2023\/11\/ANUNCIO-ROMA-300x225.jpg 300w, https:\/\/postercoleccion.com\/wp-content\/uploads\/2023\/11\/ANUNCIO-ROMA-1024x768.jpg 1024w, https:\/\/postercoleccion.com\/wp-content\/uploads\/2023\/11\/ANUNCIO-ROMA-768x576.jpg 768w, https:\/\/postercoleccion.com\/wp-content\/uploads\/2023\/11\/ANUNCIO-ROMA-1536x1152.jpg 1536w, https:\/\/postercoleccion.com\/wp-content\/uploads\/2023\/11\/ANUNCIO-ROMA-2048x1536.jpg 2048w, https:\/\/postercoleccion.com\/wp-content\/uploads\/2023\/11\/ANUNCIO-ROMA-600x450.jpg 600w\" sizes=\"auto, (max-width: 300px) 100vw, 300px\" \/><\/div>\n\t\t\t\t\t<div class=\"wc-block-grid__product-title\">P\u00f3ster Historia y Mitolog\u00eda de Roma<\/div>\n\t\t\t\t<\/a>\n\t\t\t\t<div class=\"wc-block-grid__product-price price\"><span class=\"woocommerce-Price-amount amount\">35,00&nbsp;<span class=\"woocommerce-Price-currencySymbol\">&euro;<\/span><\/span><\/div>\n\t\t\t\t\n\t\t\t\t<div class=\"wp-block-button wc-block-grid__product-add-to-cart\"><a href=\"?add-to-cart=52\" aria-label=\"A\u00f1adir al carrito: &ldquo;P\u00f3ster Historia y Mitolog\u00eda de Roma&rdquo;\" data-quantity=\"1\" data-product_id=\"52\" data-product_sku=\"poster-historia-y-mitologia-de-roma\" data-price=\"35\" rel=\"nofollow\" class=\"wp-block-button__link  add_to_cart_button ajax_add_to_cart\">A\u00f1adir al carrito<\/a><\/div>\n\t\t\t<\/li><\/ul><\/div><\/div><\/div>","protected":false},"excerpt":{"rendered":"","protected":false},"author":1,"featured_media":0,"parent":0,"menu_order":0,"comment_status":"closed","ping_status":"closed","template":"","meta":{"footnotes":""},"class_list":["post-28","page","type-page","status-publish"],"aioseo_notices":[],"_links":{"self":[{"href":"https:\/\/postercoleccion.com\/index.php?rest_route=\/wp\/v2\/pages\/28","targetHints":{"allow":["GET"]}}],"collection":[{"href":"https:\/\/postercoleccion.com\/index.php?rest_route=\/wp\/v2\/pages"}],"about":[{"href":"https:\/\/postercoleccion.com\/index.php?rest_route=\/wp\/v2\/types\/page"}],"author":[{"embeddable":true,"href":"https:\/\/postercoleccion.com\/index.php?rest_route=\/wp\/v2\/users\/1"}],"replies":[{"embeddable":true,"href":"https:\/\/postercoleccion.com\/index.php?rest_route=%2Fwp%2Fv2%2Fcomments&post=28"}],"version-history":[{"count":0,"href":"https:\/\/postercoleccion.com\/index.php?rest_route=\/wp\/v2\/pages\/28\/revisions"}],"wp:attachment":[{"href":"https:\/\/postercoleccion.com\/index.php?rest_route=%2Fwp%2Fv2%2Fmedia&parent=28"}],"curies":[{"name":"wp","href":"https:\/\/api.w.org\/{rel}","templated":true}]}}