{"id":406,"date":"2026-03-15T20:18:07","date_gmt":"2026-03-15T19:18:07","guid":{"rendered":"https:\/\/postercoleccion.com\/?page_id=406"},"modified":"2026-04-14T20:16:10","modified_gmt":"2026-04-14T18:16:10","slug":"quienes-somos","status":"publish","type":"page","link":"https:\/\/postercoleccion.com\/?page_id=406","title":{"rendered":"Quienes somos"},"content":{"rendered":"<hr class=\"wp-block-separator has-alpha-channel-opacity\"\/><h2 class=\"wp-block-heading\">\ud83d\udcc4 El arte de sintetizar el conocimiento<\/h2><p>En PosterColecci\u00f3n trabajamos en la intersecci\u00f3n entre el arte, la cultura y la divulgaci\u00f3n.<\/p><p>Nuestro objetivo es transformar informaci\u00f3n compleja en piezas visuales claras, est\u00e9ticas y funcionales, que ayuden a comprender mejor la historia, la cultura y el conocimiento humano.<\/p><hr class=\"wp-block-separator has-alpha-channel-opacity\"\/><h2 class=\"wp-block-heading\">Rigor, dise\u00f1o y m\u00e9todo<\/h2><p>Cada l\u00e1mina nace de un proceso de investigaci\u00f3n y s\u00edntesis basado en fuentes hist\u00f3ricas, geneal\u00f3gicas y culturales.<\/p><p>No buscamos solo decorar, sino estructurar la informaci\u00f3n de forma visual para hacerla m\u00e1s comprensible y duradera en la memoria.<\/p><hr class=\"wp-block-separator has-alpha-channel-opacity\"\/><h2 class=\"wp-block-heading\">Herramienta mnemot\u00e9cnica<\/h2><p>Las l\u00e1minas geneal\u00f3gicas y visuales que desarrollamos funcionan como una potente herramienta mnemot\u00e9cnica.<\/p><p>Al asociar informaci\u00f3n compleja a una estructura visual clara, facilitan la retenci\u00f3n y el recuerdo, ayudando a memorizar conceptos, relaciones y procesos de forma m\u00e1s natural y eficiente.<\/p><hr class=\"wp-block-separator has-alpha-channel-opacity\"\/><h2 class=\"wp-block-heading\">M\u00e1s all\u00e1 del p\u00f3ster<\/h2><p>PosterColecci\u00f3n no se limita a la impresi\u00f3n de l\u00e1minas.<\/p><p>Nuestro proyecto evoluciona dentro de un \u00e1mbito m\u00e1s amplio que incluye:<\/p><ul class=\"wp-block-list\"><li>Arte y decoraci\u00f3n<\/li>\n\n<li>Cultura y divulgaci\u00f3n<\/li>\n\n<li>Educaci\u00f3n visual<\/li>\n\n<li>Dise\u00f1o aplicado al conocimiento<\/li>\n\n<li>Productos de estimulaci\u00f3n cognitiva y rehabilitaci\u00f3n<\/li>\n\n<li>Materiales did\u00e1cticos y educativos<\/li>\n\n<li>Artesan\u00eda y tradici\u00f3n (como cer\u00e1mica de Talavera y otros productos culturales)<\/li><\/ul><h2 class=\"wp-block-heading\">Nuestra visi\u00f3n<\/h2><p>Creemos en el valor del conocimiento cuando es accesible, visual y comprensible.<\/p><p>Por eso desarrollamos productos que pueden integrarse tanto en espacios dom\u00e9sticos como profesionales: hogares, estudios, centros educativos, entornos culturales y contextos de rehabilitaci\u00f3n o estimulaci\u00f3n cognitiva.<\/p><hr class=\"wp-block-separator has-alpha-channel-opacity\"\/><h2 class=\"wp-block-heading\">Nuestra misi\u00f3n<\/h2><p>Crear productos que no solo decoren, sino que tambi\u00e9n ense\u00f1en, estimulen y aporten valor intelectual y visual.<\/p><p>Queremos que cada pieza contribuya a mejorar la forma en que las personas entienden, recuerdan y se relacionan con la informaci\u00f3n.<\/p>","protected":false},"excerpt":{"rendered":"<p>\ud83d\udcc4 El arte de sintetizar el conocimiento En PosterColecci\u00f3n trabajamos en la intersecci\u00f3n entre el arte, la cultura y la divulgaci\u00f3n. Nuestro objetivo es transformar informaci\u00f3n compleja en piezas visuales claras, est\u00e9ticas y funcionales, que ayuden a comprender mejor la historia, la cultura y el conocimiento humano. Rigor, dise\u00f1o y m\u00e9todo Cada l\u00e1mina nace de &#8230; <a title=\"Quienes somos\" class=\"read-more\" href=\"https:\/\/postercoleccion.com\/?page_id=406\" aria-label=\"Leer m\u00e1s sobre Quienes somos\">Leer m\u00e1s<\/a><\/p>\n","protected":false},"author":1,"featured_media":0,"parent":0,"menu_order":0,"comment_status":"closed","ping_status":"closed","template":"","meta":{"footnotes":""},"class_list":["post-406","page","type-page","status-publish"],"aioseo_notices":[],"_links":{"self":[{"href":"https:\/\/postercoleccion.com\/index.php?rest_route=\/wp\/v2\/pages\/406","targetHints":{"allow":["GET"]}}],"collection":[{"href":"https:\/\/postercoleccion.com\/index.php?rest_route=\/wp\/v2\/pages"}],"about":[{"href":"https:\/\/postercoleccion.com\/index.php?rest_route=\/wp\/v2\/types\/page"}],"author":[{"embeddable":true,"href":"https:\/\/postercoleccion.com\/index.php?rest_route=\/wp\/v2\/users\/1"}],"replies":[{"embeddable":true,"href":"https:\/\/postercoleccion.com\/index.php?rest_route=%2Fwp%2Fv2%2Fcomments&post=406"}],"version-history":[{"count":3,"href":"https:\/\/postercoleccion.com\/index.php?rest_route=\/wp\/v2\/pages\/406\/revisions"}],"predecessor-version":[{"id":488,"href":"https:\/\/postercoleccion.com\/index.php?rest_route=\/wp\/v2\/pages\/406\/revisions\/488"}],"wp:attachment":[{"href":"https:\/\/postercoleccion.com\/index.php?rest_route=%2Fwp%2Fv2%2Fmedia&parent=406"}],"curies":[{"name":"wp","href":"https:\/\/api.w.org\/{rel}","templated":true}]}}