{"id":482,"date":"2026-04-14T19:27:39","date_gmt":"2026-04-14T17:27:39","guid":{"rendered":"https:\/\/postercoleccion.com\/?page_id=482"},"modified":"2026-04-14T19:27:42","modified_gmt":"2026-04-14T17:27:42","slug":"preguntas-frecuentes","status":"publish","type":"page","link":"https:\/\/postercoleccion.com\/?page_id=482","title":{"rendered":"preguntas frecuentes"},"content":{"rendered":"<h2 class=\"wp-block-heading\">Preguntas frecuentes<\/h2><p>Aqu\u00ed encontrar\u00e1s respuestas a las dudas m\u00e1s comunes sobre nuestros productos, env\u00edos y pedidos.<\/p><hr class=\"wp-block-separator has-alpha-channel-opacity\"\/><h2 class=\"wp-block-heading\">\ud83d\uddbc\ufe0f \u00bfQu\u00e9 tipo de productos vend\u00e9is?<\/h2><p>En Postercoleccion ofrecemos art\u00edculos culturales, art\u00edsticos y decorativos.<\/p><hr class=\"wp-block-separator has-alpha-channel-opacity\"\/><h2 class=\"wp-block-heading\">\ud83d\ude9a \u00bfCu\u00e1nto tarda el env\u00edo?<\/h2><p>Los pedidos suelen prepararse en un plazo de 24h.<br>El tiempo de entrega depende del destino, pero normalmente es de entre 24h y 72h dentro de Espa\u00f1a.<\/p><hr class=\"wp-block-separator has-alpha-channel-opacity\"\/><h2 class=\"wp-block-heading\">\ud83d\udcb0 \u00bfCu\u00e1nto cuesta el env\u00edo?<\/h2><p>El coste de env\u00edo son 10\u20ac por pedido, no por art\u00edculo. En este precio est\u00e1n incluidos embalajes e impuestos.<\/p><hr class=\"wp-block-separator has-alpha-channel-opacity\"\/><h2 class=\"wp-block-heading\">\ud83d\udce6 \u00bfHac\u00e9is env\u00edos internacionales?<\/h2><p>Actualmente realizamos env\u00edos principalmente en Espa\u00f1a. En el futuro se ampliar\u00e1n destinos. Puede ponerse en contacto con nosotros y le realizaremos un presupuesto de env\u00edo a su localidad fuera de Espa\u00f1a.<\/p><hr class=\"wp-block-separator has-alpha-channel-opacity\"\/><h2 class=\"wp-block-heading\">\ud83d\udd04 \u00bfPuedo devolver un producto?<\/h2><p>S\u00ed, puedes solicitar una devoluci\u00f3n dentro de los 14 d\u00edas naturales desde la recepci\u00f3n del pedido, siempre que el producto est\u00e9 en buen estado y sin usar.<\/p><p><a href=\"https:\/\/postercoleccion.com\/?page_id=31\" title=\"\"><strong>(Pol\u00edtica de devoluciones)<\/strong><\/a><\/p><h2 class=\"wp-block-heading\">\ud83d\udcb3 \u00bfQu\u00e9 m\u00e9todos de pago acept\u00e1is?<\/h2><p>Aceptamos los principales m\u00e9todos de pago seguros disponibles en la tienda (bizun, tarjeta, etc.).<\/p><hr class=\"wp-block-separator has-alpha-channel-opacity\"\/><h2 class=\"wp-block-heading\">\ud83d\uddbc\ufe0f \u00bfLos p\u00f3sters incluyen marco?<\/h2><p>Existen art\u00edculos enmarcados y l\u00e1minas sueltas, antes de realizar la compra aseg\u00farese del tipo de art\u00edculo que desea.<\/p><hr class=\"wp-block-separator has-alpha-channel-opacity\"\/><h2 class=\"wp-block-heading\">\ud83d\udce9 \u00bfC\u00f3mo puedo contactar con vosotros?<\/h2><p>Puedes contactarnos a trav\u00e9s de la p\u00e1gina de contacto del sitio. Respondemos lo antes posible. <a href=\"https:\/\/postercoleccion.com\/?page_id=467\" title=\"\"><strong>contactanos<\/strong><\/a><\/p>","protected":false},"excerpt":{"rendered":"<p>Preguntas frecuentes Aqu\u00ed encontrar\u00e1s respuestas a las dudas m\u00e1s comunes sobre nuestros productos, env\u00edos y pedidos. \ud83d\uddbc\ufe0f \u00bfQu\u00e9 tipo de productos vend\u00e9is? En Postercoleccion ofrecemos art\u00edculos culturales, art\u00edsticos y decorativos. \ud83d\ude9a \u00bfCu\u00e1nto tarda el env\u00edo? Los pedidos suelen prepararse en un plazo de 24h.El tiempo de entrega depende del destino, pero normalmente es de entre &#8230; <a title=\"preguntas frecuentes\" class=\"read-more\" href=\"https:\/\/postercoleccion.com\/?page_id=482\" aria-label=\"Leer m\u00e1s sobre preguntas frecuentes\">Leer m\u00e1s<\/a><\/p>\n","protected":false},"author":1,"featured_media":0,"parent":0,"menu_order":0,"comment_status":"closed","ping_status":"closed","template":"","meta":{"footnotes":""},"class_list":["post-482","page","type-page","status-publish"],"aioseo_notices":[],"_links":{"self":[{"href":"https:\/\/postercoleccion.com\/index.php?rest_route=\/wp\/v2\/pages\/482","targetHints":{"allow":["GET"]}}],"collection":[{"href":"https:\/\/postercoleccion.com\/index.php?rest_route=\/wp\/v2\/pages"}],"about":[{"href":"https:\/\/postercoleccion.com\/index.php?rest_route=\/wp\/v2\/types\/page"}],"author":[{"embeddable":true,"href":"https:\/\/postercoleccion.com\/index.php?rest_route=\/wp\/v2\/users\/1"}],"replies":[{"embeddable":true,"href":"https:\/\/postercoleccion.com\/index.php?rest_route=%2Fwp%2Fv2%2Fcomments&post=482"}],"version-history":[{"count":1,"href":"https:\/\/postercoleccion.com\/index.php?rest_route=\/wp\/v2\/pages\/482\/revisions"}],"predecessor-version":[{"id":483,"href":"https:\/\/postercoleccion.com\/index.php?rest_route=\/wp\/v2\/pages\/482\/revisions\/483"}],"wp:attachment":[{"href":"https:\/\/postercoleccion.com\/index.php?rest_route=%2Fwp%2Fv2%2Fmedia&parent=482"}],"curies":[{"name":"wp","href":"https:\/\/api.w.org\/{rel}","templated":true}]}}