{"id":485,"date":"2026-04-14T20:01:09","date_gmt":"2026-04-14T18:01:09","guid":{"rendered":"https:\/\/postercoleccion.com\/?page_id=485"},"modified":"2026-04-14T20:01:12","modified_gmt":"2026-04-14T18:01:12","slug":"envios","status":"publish","type":"page","link":"https:\/\/postercoleccion.com\/?page_id=485","title":{"rendered":"Env\u00edos"},"content":{"rendered":"<h2 class=\"wp-block-heading\">Env\u00edos y entregas<\/h2><p>En Postercoleccion nos aseguramos de que tu pedido llegue en el menor tiempo posible y en perfectas condiciones.<\/p><hr class=\"wp-block-separator has-alpha-channel-opacity\"\/><h2 class=\"wp-block-heading\">\ud83d\ude9a Preparaci\u00f3n del pedido<\/h2><p>Todos los pedidos se preparan y env\u00edan en un plazo de <strong>24h<\/strong> tras la confirmaci\u00f3n del pago.<\/p><hr class=\"wp-block-separator has-alpha-channel-opacity\"\/><h2 class=\"wp-block-heading\">\ud83d\udce6 Tiempo de entrega<\/h2><p>El tiempo de env\u00edo depende del destino:<\/p><ul class=\"wp-block-list\"><li>Espa\u00f1a peninsular: <strong>24h a 72h tras el env\u00edo<\/strong><\/li>\n\n<li>Islas Baleares: <strong>48h a 4 d\u00edas laborables<\/strong><\/li>\n\n<li>Otros destinos: puede variar seg\u00fan transportista<\/li><\/ul><hr class=\"wp-block-separator has-alpha-channel-opacity\"\/><h2 class=\"wp-block-heading\">\ud83d\udcb0 Coste de env\u00edo<\/h2><p>El coste de env\u00edo es de 10\u20ac por pedido, independientemente del n\u00famero de productos adquuiridos.<\/p><hr class=\"wp-block-separator has-alpha-channel-opacity\"\/><h2 class=\"wp-block-heading\">\ud83d\udccd Seguimiento del pedido<\/h2><p>Cuando el pedido sea enviado, recibir\u00e1s un correo con el n\u00famero de seguimiento para poder consultar el estado del env\u00edo.<\/p><hr class=\"wp-block-separator has-alpha-channel-opacity\"\/><h2 class=\"wp-block-heading\">\u26a0\ufe0f Retrasos<\/h2><p>En \u00e9pocas de alta demanda (campa\u00f1as, festivos o promociones), los plazos de entrega pueden sufrir ligeros retrasos.<\/p><hr class=\"wp-block-separator has-alpha-channel-opacity\"\/><h2 class=\"wp-block-heading\">\ud83d\udce9 Contacto<\/h2><p>Si tienes cualquier duda sobre tu env\u00edo, puedes contactarnos a trav\u00e9s de la p\u00e1gina de contacto. <strong><a href=\"https:\/\/postercoleccion.com\/?page_id=467\" title=\"\">contactanos<\/a><\/strong><\/p>","protected":false},"excerpt":{"rendered":"<p>Env\u00edos y entregas En Postercoleccion nos aseguramos de que tu pedido llegue en el menor tiempo posible y en perfectas condiciones. \ud83d\ude9a Preparaci\u00f3n del pedido Todos los pedidos se preparan y env\u00edan en un plazo de 24h tras la confirmaci\u00f3n del pago. \ud83d\udce6 Tiempo de entrega El tiempo de env\u00edo depende del destino: \ud83d\udcb0 Coste &#8230; <a title=\"Env\u00edos\" class=\"read-more\" href=\"https:\/\/postercoleccion.com\/?page_id=485\" aria-label=\"Leer m\u00e1s sobre Env\u00edos\">Leer m\u00e1s<\/a><\/p>\n","protected":false},"author":1,"featured_media":0,"parent":0,"menu_order":0,"comment_status":"closed","ping_status":"closed","template":"","meta":{"footnotes":""},"class_list":["post-485","page","type-page","status-publish"],"aioseo_notices":[],"_links":{"self":[{"href":"https:\/\/postercoleccion.com\/index.php?rest_route=\/wp\/v2\/pages\/485","targetHints":{"allow":["GET"]}}],"collection":[{"href":"https:\/\/postercoleccion.com\/index.php?rest_route=\/wp\/v2\/pages"}],"about":[{"href":"https:\/\/postercoleccion.com\/index.php?rest_route=\/wp\/v2\/types\/page"}],"author":[{"embeddable":true,"href":"https:\/\/postercoleccion.com\/index.php?rest_route=\/wp\/v2\/users\/1"}],"replies":[{"embeddable":true,"href":"https:\/\/postercoleccion.com\/index.php?rest_route=%2Fwp%2Fv2%2Fcomments&post=485"}],"version-history":[{"count":1,"href":"https:\/\/postercoleccion.com\/index.php?rest_route=\/wp\/v2\/pages\/485\/revisions"}],"predecessor-version":[{"id":486,"href":"https:\/\/postercoleccion.com\/index.php?rest_route=\/wp\/v2\/pages\/485\/revisions\/486"}],"wp:attachment":[{"href":"https:\/\/postercoleccion.com\/index.php?rest_route=%2Fwp%2Fv2%2Fmedia&parent=485"}],"curies":[{"name":"wp","href":"https:\/\/api.w.org\/{rel}","templated":true}]}}