{"id":492,"date":"2026-04-14T23:24:05","date_gmt":"2026-04-14T21:24:05","guid":{"rendered":"https:\/\/postercoleccion.com\/?page_id=492"},"modified":"2026-04-15T00:08:04","modified_gmt":"2026-04-14T22:08:04","slug":"inicio","status":"publish","type":"page","link":"https:\/\/postercoleccion.com\/","title":{"rendered":"Inicio"},"content":{"rendered":"<h1 class=\"wp-block-heading has-text-align-center has-text-color has-link-color wp-elements-0281bc3be04fd21b1297a02c1c7b4461\" style=\"color:#2f3370\"><strong>Arte, cultura y conocimiento en formato visual<\/strong><\/h1><hr class=\"wp-block-separator has-alpha-channel-opacity\"\/><h5 class=\"wp-block-heading\"><em><strong>L\u00e1minas y productos dise\u00f1ados para transformar la historia, la cultura y el aprendizaje en piezas visuales claras, est\u00e9ticas y funcionales.<\/strong><\/em><\/h5><hr class=\"wp-block-separator has-alpha-channel-opacity\"\/><h2 class=\"wp-block-heading has-text-color has-link-color wp-elements-10ef1c713b3388886af2296dbd97b9de\" style=\"color:#2f3370\">Explora nuestras colecciones<\/h2><div class=\"wp-block-columns is-layout-flex wp-container-core-columns-is-layout-1 wp-block-columns-is-layout-flex\"><div class=\"wp-block-column is-layout-flow wp-block-column-is-layout-flow\"><figure class=\"wp-block-image size-large\"><a href=\"https:\/\/postercoleccion.com\/?product_cat=laminas-culturales-educativas\"><img loading=\"lazy\" decoding=\"async\" width=\"1024\" height=\"768\" src=\"https:\/\/postercoleccion.com\/wp-content\/uploads\/2024\/05\/ANUNCIO-GRECIA-1024x768.jpg\" alt=\"Infograf\u00eda de la Teogon\u00eda de Hes\u00edodo: \u00c1rbol geneal\u00f3gico completo desde el Caos y Gea hasta los Dioses Ol\u00edmpicos. Esquema educativo detallado de Postercolecci\u00f3n.\" class=\"wp-image-151\" srcset=\"https:\/\/postercoleccion.com\/wp-content\/uploads\/2024\/05\/ANUNCIO-GRECIA-1024x768.jpg 1024w, https:\/\/postercoleccion.com\/wp-content\/uploads\/2024\/05\/ANUNCIO-GRECIA-300x225.jpg 300w, https:\/\/postercoleccion.com\/wp-content\/uploads\/2024\/05\/ANUNCIO-GRECIA-768x576.jpg 768w, https:\/\/postercoleccion.com\/wp-content\/uploads\/2024\/05\/ANUNCIO-GRECIA-1536x1152.jpg 1536w, https:\/\/postercoleccion.com\/wp-content\/uploads\/2024\/05\/ANUNCIO-GRECIA-2048x1536.jpg 2048w, https:\/\/postercoleccion.com\/wp-content\/uploads\/2024\/05\/ANUNCIO-GRECIA-600x450.jpg 600w\" sizes=\"auto, (max-width: 1024px) 100vw, 1024px\" \/><\/a><figcaption class=\"wp-element-caption\">              <strong><em>L\u00e1minas culturales y educativas<\/em><\/strong><\/figcaption><\/figure><\/div>\n\n<div class=\"wp-block-column is-layout-flow wp-block-column-is-layout-flow\"><figure class=\"wp-block-image size-large\"><a href=\"https:\/\/postercoleccion.com\/?product_cat=arte-decoracion\"><img loading=\"lazy\" decoding=\"async\" width=\"1024\" height=\"768\" src=\"https:\/\/postercoleccion.com\/wp-content\/uploads\/2026\/04\/ceramica-1-1024x768.jpeg\" alt=\"\" class=\"wp-image-496\" srcset=\"https:\/\/postercoleccion.com\/wp-content\/uploads\/2026\/04\/ceramica-1-1024x768.jpeg 1024w, https:\/\/postercoleccion.com\/wp-content\/uploads\/2026\/04\/ceramica-1-300x225.jpeg 300w, https:\/\/postercoleccion.com\/wp-content\/uploads\/2026\/04\/ceramica-1-768x576.jpeg 768w, https:\/\/postercoleccion.com\/wp-content\/uploads\/2026\/04\/ceramica-1-1536x1152.jpeg 1536w, https:\/\/postercoleccion.com\/wp-content\/uploads\/2026\/04\/ceramica-1-2048x1536.jpeg 2048w, https:\/\/postercoleccion.com\/wp-content\/uploads\/2026\/04\/ceramica-1-600x450.jpeg 600w\" sizes=\"auto, (max-width: 1024px) 100vw, 1024px\" \/><\/a><figcaption class=\"wp-element-caption\">                                <strong><em>Arte y decoraci\u00f3n<\/em><\/strong><\/figcaption><\/figure><\/div>\n\n<div class=\"wp-block-column is-layout-flow wp-block-column-is-layout-flow\"><figure class=\"wp-block-image size-large\"><a href=\"https:\/\/postercoleccion.com\/?product_cat=educacion-desarrollo-cognitivo\"><img loading=\"lazy\" decoding=\"async\" width=\"1024\" height=\"768\" src=\"https:\/\/postercoleccion.com\/wp-content\/uploads\/2026\/04\/webRATON1-1-1024x768.jpeg\" alt=\"\" class=\"wp-image-494\" srcset=\"https:\/\/postercoleccion.com\/wp-content\/uploads\/2026\/04\/webRATON1-1-1024x768.jpeg 1024w, https:\/\/postercoleccion.com\/wp-content\/uploads\/2026\/04\/webRATON1-1-300x225.jpeg 300w, https:\/\/postercoleccion.com\/wp-content\/uploads\/2026\/04\/webRATON1-1-768x576.jpeg 768w, https:\/\/postercoleccion.com\/wp-content\/uploads\/2026\/04\/webRATON1-1-1536x1152.jpeg 1536w, https:\/\/postercoleccion.com\/wp-content\/uploads\/2026\/04\/webRATON1-1-2048x1536.jpeg 2048w, https:\/\/postercoleccion.com\/wp-content\/uploads\/2026\/04\/webRATON1-1-600x450.jpeg 600w\" sizes=\"auto, (max-width: 1024px) 100vw, 1024px\" \/><\/a><figcaption class=\"wp-element-caption\">                 <strong><em>Educaci\u00f3n y desarrollo cognitivo<\/em><\/strong><\/figcaption><\/figure><\/div><\/div><hr class=\"wp-block-separator has-alpha-channel-opacity\"\/><h2 class=\"wp-block-heading has-text-color has-link-color wp-elements-3bd29e3ffadfc67973b9adaeb3183356\" style=\"color:#2f3370\">M\u00e1s que decoraci\u00f3n<\/h2><h5 class=\"wp-block-heading\">En <strong>PosterColecci\u00f3n <\/strong>no creamos solo l\u00e1minas, sino <strong>herramientas visuales<\/strong> de conocimiento.<\/h5><p>Cada dise\u00f1o nace de un <strong>proceso de investigaci\u00f3n y s\u00edntesis <\/strong>para convertir informaci\u00f3n compleja en <strong>im\u00e1genes comprensibles y memorables.<\/strong><\/p><hr class=\"wp-block-separator has-alpha-channel-opacity\"\/><h2 class=\"wp-block-heading has-text-color has-link-color wp-elements-8a52e48341725151a8e6eeb3177cbf06\" style=\"color:#2f3370\">Productos destacados<\/h2><div class=\"wp-block-columns is-layout-flex wp-container-core-columns-is-layout-2 wp-block-columns-is-layout-flex\"><div class=\"wp-block-column is-layout-flow wp-block-column-is-layout-flow\"><figure class=\"wp-block-image size-large\"><img loading=\"lazy\" decoding=\"async\" width=\"1024\" height=\"768\" src=\"https:\/\/postercoleccion.com\/wp-content\/uploads\/2023\/11\/ANUNCIO-HISTORIA-DE-ESPANA-3.3-1024x768.jpeg\" alt=\"p\u00f3ster de la historia de espa\u00f1a. postercoleccion.com\" class=\"wp-image-154\" srcset=\"https:\/\/postercoleccion.com\/wp-content\/uploads\/2023\/11\/ANUNCIO-HISTORIA-DE-ESPANA-3.3-1024x768.jpeg 1024w, https:\/\/postercoleccion.com\/wp-content\/uploads\/2023\/11\/ANUNCIO-HISTORIA-DE-ESPANA-3.3-300x225.jpeg 300w, https:\/\/postercoleccion.com\/wp-content\/uploads\/2023\/11\/ANUNCIO-HISTORIA-DE-ESPANA-3.3-768x576.jpeg 768w, https:\/\/postercoleccion.com\/wp-content\/uploads\/2023\/11\/ANUNCIO-HISTORIA-DE-ESPANA-3.3-1536x1152.jpeg 1536w, https:\/\/postercoleccion.com\/wp-content\/uploads\/2023\/11\/ANUNCIO-HISTORIA-DE-ESPANA-3.3-2048x1536.jpeg 2048w, https:\/\/postercoleccion.com\/wp-content\/uploads\/2023\/11\/ANUNCIO-HISTORIA-DE-ESPANA-3.3-600x450.jpeg 600w\" sizes=\"auto, (max-width: 1024px) 100vw, 1024px\" \/><\/figure>\n\n<figure class=\"wp-block-image size-large\"><img loading=\"lazy\" decoding=\"async\" width=\"1024\" height=\"724\" src=\"https:\/\/postercoleccion.com\/wp-content\/uploads\/2024\/05\/Nordica-1200x848x76-1024x724.webp\" alt=\"p\u00f3ster mitolog\u00eda n\u00f3rdica. postercoleccion.com\" class=\"wp-image-156\" srcset=\"https:\/\/postercoleccion.com\/wp-content\/uploads\/2024\/05\/Nordica-1200x848x76-1024x724.webp 1024w, https:\/\/postercoleccion.com\/wp-content\/uploads\/2024\/05\/Nordica-1200x848x76-300x212.webp 300w, https:\/\/postercoleccion.com\/wp-content\/uploads\/2024\/05\/Nordica-1200x848x76-768x543.webp 768w, https:\/\/postercoleccion.com\/wp-content\/uploads\/2024\/05\/Nordica-1200x848x76-600x424.webp 600w, https:\/\/postercoleccion.com\/wp-content\/uploads\/2024\/05\/Nordica-1200x848x76.webp 1200w\" sizes=\"auto, (max-width: 1024px) 100vw, 1024px\" \/><\/figure><\/div>\n\n<div class=\"wp-block-column is-layout-flow wp-block-column-is-layout-flow\"><div class=\"wp-block-image\"><figure class=\"aligncenter size-full\"><img loading=\"lazy\" decoding=\"async\" width=\"246\" height=\"246\" src=\"https:\/\/postercoleccion.com\/wp-content\/uploads\/2025\/01\/Jupiter.png\" alt=\"\" class=\"wp-image-201\" srcset=\"https:\/\/postercoleccion.com\/wp-content\/uploads\/2025\/01\/Jupiter.png 246w, https:\/\/postercoleccion.com\/wp-content\/uploads\/2025\/01\/Jupiter-150x150.png 150w\" sizes=\"auto, (max-width: 246px) 100vw, 246px\" \/><\/figure><\/div>\n\n<figure class=\"wp-block-image size-large\"><img loading=\"lazy\" decoding=\"async\" width=\"1024\" height=\"768\" src=\"https:\/\/postercoleccion.com\/wp-content\/uploads\/2026\/04\/ceramica-1-1024x768.jpeg\" alt=\"\" class=\"wp-image-496\" srcset=\"https:\/\/postercoleccion.com\/wp-content\/uploads\/2026\/04\/ceramica-1-1024x768.jpeg 1024w, https:\/\/postercoleccion.com\/wp-content\/uploads\/2026\/04\/ceramica-1-300x225.jpeg 300w, https:\/\/postercoleccion.com\/wp-content\/uploads\/2026\/04\/ceramica-1-768x576.jpeg 768w, https:\/\/postercoleccion.com\/wp-content\/uploads\/2026\/04\/ceramica-1-1536x1152.jpeg 1536w, https:\/\/postercoleccion.com\/wp-content\/uploads\/2026\/04\/ceramica-1-2048x1536.jpeg 2048w, https:\/\/postercoleccion.com\/wp-content\/uploads\/2026\/04\/ceramica-1-600x450.jpeg 600w\" sizes=\"auto, (max-width: 1024px) 100vw, 1024px\" \/><\/figure><\/div>\n\n<div class=\"wp-block-column is-layout-flow wp-block-column-is-layout-flow\"><figure class=\"wp-block-image size-large\"><img loading=\"lazy\" decoding=\"async\" width=\"1024\" height=\"768\" src=\"https:\/\/postercoleccion.com\/wp-content\/uploads\/2026\/04\/webRATON3-1024x768.jpeg\" alt=\"\" class=\"wp-image-501\" srcset=\"https:\/\/postercoleccion.com\/wp-content\/uploads\/2026\/04\/webRATON3-1024x768.jpeg 1024w, https:\/\/postercoleccion.com\/wp-content\/uploads\/2026\/04\/webRATON3-300x225.jpeg 300w, https:\/\/postercoleccion.com\/wp-content\/uploads\/2026\/04\/webRATON3-768x576.jpeg 768w, https:\/\/postercoleccion.com\/wp-content\/uploads\/2026\/04\/webRATON3-1536x1152.jpeg 1536w, https:\/\/postercoleccion.com\/wp-content\/uploads\/2026\/04\/webRATON3-2048x1536.jpeg 2048w, https:\/\/postercoleccion.com\/wp-content\/uploads\/2026\/04\/webRATON3-600x450.jpeg 600w\" sizes=\"auto, (max-width: 1024px) 100vw, 1024px\" \/><\/figure>\n\n<figure class=\"wp-block-image size-full\"><img loading=\"lazy\" decoding=\"async\" width=\"2560\" height=\"1920\" src=\"https:\/\/postercoleccion.com\/wp-content\/uploads\/2026\/04\/web-RATON-forma-scaled.jpeg\" alt=\"\" class=\"wp-image-503\" srcset=\"https:\/\/postercoleccion.com\/wp-content\/uploads\/2026\/04\/web-RATON-forma-scaled.jpeg 2560w, https:\/\/postercoleccion.com\/wp-content\/uploads\/2026\/04\/web-RATON-forma-300x225.jpeg 300w, https:\/\/postercoleccion.com\/wp-content\/uploads\/2026\/04\/web-RATON-forma-1024x768.jpeg 1024w, https:\/\/postercoleccion.com\/wp-content\/uploads\/2026\/04\/web-RATON-forma-768x576.jpeg 768w, https:\/\/postercoleccion.com\/wp-content\/uploads\/2026\/04\/web-RATON-forma-1536x1152.jpeg 1536w, https:\/\/postercoleccion.com\/wp-content\/uploads\/2026\/04\/web-RATON-forma-2048x1536.jpeg 2048w, https:\/\/postercoleccion.com\/wp-content\/uploads\/2026\/04\/web-RATON-forma-600x450.jpeg 600w\" sizes=\"auto, (max-width: 2560px) 100vw, 2560px\" \/><\/figure><\/div><\/div><hr class=\"wp-block-separator has-alpha-channel-opacity\"\/><h2 class=\"wp-block-heading has-text-color has-link-color wp-elements-29992b45df39873fa6908587d7a2e331\" style=\"color:#2f3370\"><strong>Confianza y calidad<\/strong><\/h2><ul class=\"wp-block-list\"><li><strong>Env\u00edos r\u00e1pidos<\/strong><\/li>\n\n<li><strong>Pago seguro<\/strong><\/li>\n\n<li><strong>Atenci\u00f3n personalizada<\/strong><\/li>\n\n<li><strong>Productos dise\u00f1ados con rigor y cuidado<\/strong><\/li><\/ul><p><strong><a href=\"https:\/\/postercoleccion.com\/?post_type=product\" title=\"\">Ver toda la tienda<\/a><\/strong><\/p><hr class=\"wp-block-separator has-alpha-channel-opacity\"\/><h2 class=\"wp-block-heading\"><\/h2>","protected":false},"excerpt":{"rendered":"<p>Arte, cultura y conocimiento en formato visual L\u00e1minas y productos dise\u00f1ados para transformar la historia, la cultura y el aprendizaje en piezas visuales claras, est\u00e9ticas y funcionales. Explora nuestras colecciones M\u00e1s que decoraci\u00f3n En PosterColecci\u00f3n no creamos solo l\u00e1minas, sino herramientas visuales de conocimiento. Cada dise\u00f1o nace de un proceso de investigaci\u00f3n y s\u00edntesis para &#8230; <a title=\"Inicio\" class=\"read-more\" href=\"https:\/\/postercoleccion.com\/\" aria-label=\"Leer m\u00e1s sobre Inicio\">Leer m\u00e1s<\/a><\/p>\n","protected":false},"author":1,"featured_media":0,"parent":0,"menu_order":0,"comment_status":"closed","ping_status":"closed","template":"","meta":{"footnotes":""},"class_list":["post-492","page","type-page","status-publish"],"aioseo_notices":[],"_links":{"self":[{"href":"https:\/\/postercoleccion.com\/index.php?rest_route=\/wp\/v2\/pages\/492","targetHints":{"allow":["GET"]}}],"collection":[{"href":"https:\/\/postercoleccion.com\/index.php?rest_route=\/wp\/v2\/pages"}],"about":[{"href":"https:\/\/postercoleccion.com\/index.php?rest_route=\/wp\/v2\/types\/page"}],"author":[{"embeddable":true,"href":"https:\/\/postercoleccion.com\/index.php?rest_route=\/wp\/v2\/users\/1"}],"replies":[{"embeddable":true,"href":"https:\/\/postercoleccion.com\/index.php?rest_route=%2Fwp%2Fv2%2Fcomments&post=492"}],"version-history":[{"count":9,"href":"https:\/\/postercoleccion.com\/index.php?rest_route=\/wp\/v2\/pages\/492\/revisions"}],"predecessor-version":[{"id":513,"href":"https:\/\/postercoleccion.com\/index.php?rest_route=\/wp\/v2\/pages\/492\/revisions\/513"}],"wp:attachment":[{"href":"https:\/\/postercoleccion.com\/index.php?rest_route=%2Fwp%2Fv2%2Fmedia&parent=492"}],"curies":[{"name":"wp","href":"https:\/\/api.w.org\/{rel}","templated":true}]}}