{"id":135,"date":"2024-05-18T00:16:22","date_gmt":"2024-05-17T22:16:22","guid":{"rendered":"https:\/\/postercoleccion.com\/?post_type=product&#038;p=135"},"modified":"2026-04-14T22:25:04","modified_gmt":"2026-04-14T20:25:04","slug":"poster-mitologia-nordica","status":"publish","type":"product","link":"https:\/\/postercoleccion.com\/?product=poster-mitologia-nordica","title":{"rendered":"P\u00f3ster Mitolog\u00eda N\u00f3rdica"},"content":{"rendered":"<div class=\"response-container-content ng-tns-c910598691-71\">\n<div class=\"response-content ng-tns-c910598691-71\">\n<div class=\"container\">\n<div id=\"model-response-message-contentr_4fc2741473f31173\" class=\"markdown markdown-main-panel stronger enable-updated-hr-color\" dir=\"ltr\" aria-live=\"polite\" aria-busy=\"false\">\n<h2 data-path-to-node=\"3\">\u00a0L\u00e1mina de Mitolog\u00eda N\u00f3rdica: El Mapa de los Nueve Reinos y el Yggdrasil<\/h2>\n<p data-path-to-node=\"4\"><b data-path-to-node=\"4\" data-index-in-node=\"0\">Descripci\u00f3n optimizada:<\/b> \u00bfTe pierdes entre los linajes de Asgard y los misterios del Ragnar\u00f6k? Esta l\u00e1mina es la <b data-path-to-node=\"4\" data-index-in-node=\"112\">gu\u00eda visual definitiva<\/b> para sumergirse en la cosmolog\u00eda vikinga sin perderse en el intento.<\/p>\n<p data-path-to-node=\"5\">Dise\u00f1ada para apasionados de las sagas n\u00f3rdicas y la cultura escandinava, este p\u00f3ster organiza el caos del universo sostenido por el fresno sagrado <b data-path-to-node=\"5\" data-index-in-node=\"148\">Yggdrasil<\/b>.<\/p>\n<ul data-path-to-node=\"6\">\n<li>\n<p data-path-to-node=\"6,0,0\"><b data-path-to-node=\"6,0,0\" data-index-in-node=\"0\">Cosmolog\u00eda Completa:<\/b> Visualiza con claridad la conexi\u00f3n entre los <b data-path-to-node=\"6,0,0\" data-index-in-node=\"66\">Nueve Reinos<\/b>, desde el esplendor de Asgard hasta las profundidades de Helheim.<\/p>\n<\/li>\n<li>\n<p data-path-to-node=\"6,1,0\"><b data-path-to-node=\"6,1,0\" data-index-in-node=\"0\">Linajes Divinos:<\/b> Diferencia de un solo vistazo entre los dioses <b data-path-to-node=\"6,1,0\" data-index-in-node=\"64\">Aesir<\/b> (Od\u00edn, Thor, Tyr) y los <b data-path-to-node=\"6,1,0\" data-index-in-node=\"94\">Vanir<\/b> (Freyja, Njord), entendiendo sus roles y alianzas.<\/p>\n<\/li>\n<li>\n<p data-path-to-node=\"6,2,0\"><b data-path-to-node=\"6,2,0\" data-index-in-node=\"0\">Detalle de Criaturas:<\/b> Incluye las figuras clave del mito, como la serpiente J\u00f6rmungandr, el lobo Fenrir y el destino final de los dioses.<\/p>\n<\/li>\n<li>\n<p data-path-to-node=\"6,3,0\"><b data-path-to-node=\"6,3,0\" data-index-in-node=\"0\">Calidad Art\u00edstica y Educativa:<\/b> Impresi\u00f3n de alta definici\u00f3n en papel de gran calidad. Una pieza de decoraci\u00f3n que impone autoridad en cualquier estudio, biblioteca o sal\u00f3n.<\/p>\n<\/li>\n<\/ul>\n<p data-path-to-node=\"7\"><i data-path-to-node=\"7\" data-index-in-node=\"0\">No dejes que las leyendas de los antiguos hombres del norte sigan siendo un misterio. Pon orden al universo vikingo en tu pared.<\/i><\/p>\n<\/div>\n<\/div>\n<\/div>\n<\/div>\n<p><a href=\"https:\/\/postercoleccion.com\/producto\/poster-mitologia-nordica\/\"><span style=\"font-family: Arial Black;\">P\u00d3STER MITOLOG\u00cdA N\u00d3RDICA<\/span><\/a><\/p>\n<h4><strong>Descubre la magia y el misterio de los antiguos dioses y h\u00e9roes n\u00f3rdicos :<br \/>\n<\/strong><\/h4>\n<p>Sum\u00e9rgete en los misterios de los dioses n\u00f3rdicos, con esta <strong>l\u00e1mina \u00fanica<\/strong> que recoge el <strong>\u00e1rbol geneal\u00f3gico completo de la mitolog\u00eda n\u00f3rdica<\/strong>. Desde su origen<strong>, hasta las figuras principales de los\u00a0 9 reino.<\/strong> Cada detalle ha sido meticulosamente dise\u00f1ado para ofrecerte una experiencia visual y educativa inigualable.<\/p>\n<p><strong>Caracter\u00edsticas destacadas:<\/strong><\/p>\n<ul>\n<li><strong>Dimensiones:<\/strong> Tama\u00f1o A2 (59,4 cm x 42 cm), ideal para enmarcar y destacar en cualquier espacio.<\/li>\n<li><strong>Material de alta calidad:<\/strong> Impreso en papel cuch\u00e9\u00a0 y con un acabado mate que asegura una presentaci\u00f3n impecable.<\/li>\n<li><strong>Dise\u00f1o sofisticado:<\/strong> Integra cultura y elegancia, convirti\u00e9ndose en una pieza decorativa perfecta para tu hogar, oficina o lugar de estudio.<\/li>\n<\/ul>\n<p><strong>Descubre el legado de los dioses n\u00f3rdicos:<\/strong><br \/>\nExplora c\u00f3mo se conectan las deidades m\u00e1s emblem\u00e1ticas de los Nueve Mundos, desde Asgard hasta Midgard. Aprende sobre las alianzas, los conflictos y los destinos profetizados en el <strong>Ragnar\u00f6k<\/strong>, todo mientras disfrutas de un dise\u00f1o art\u00edstico que combina tradici\u00f3n y modernidad.<\/p>\n<p>Esta l\u00e1mina es mucho m\u00e1s que una herramienta educativa; es un homenaje visual a una de las mitolog\u00edas m\u00e1s \u00e9picas de la humanidad. <strong>Perfecta para amantes de la historia, estudiantes, coleccionistas y apasionados de la cultura vikinga.<\/strong><\/p>\n<p><strong>Transforma tu espacio en un rinc\u00f3n de historia y leyenda.<\/strong> \u00a1Consigue tu l\u00e1mina ahora y deja que los dioses n\u00f3rdicos sean parte de tu hogar!<\/p>\n<h4><strong>CARACTER\u00cdSTICAS :<\/strong><\/h4>\n<p><strong>Caracter\u00edsticas del producto:<\/strong><\/p>\n<ul>\n<li><strong>Dise\u00f1o exclusivo<\/strong>: \u00c1rbol geneal\u00f3gico completo de toda la mitolog\u00eda n\u00f3rdica seg\u00fan las Eddas.<\/li>\n<li><strong>Alta calidad<\/strong>: Impresi\u00f3n en papel cuche con acabados de alta resoluci\u00f3n, asegurando colores vibrantes y duraderos.<\/li>\n<li><strong>Tama\u00f1o idoneo<\/strong>: En formato A2 (59,4 x 42cm) para adaptarse a cualquier espacio, desde peque\u00f1os rincones hasta paredes completas.<\/li>\n<li><strong>F\u00e1cil de enmarcar<\/strong>: Dise\u00f1ado para ajustarse a marcos est\u00e1ndar, lo que facilita su colocaci\u00f3n y protecci\u00f3n.<\/li>\n<\/ul>\n<p><strong>Beneficios de tener este p\u00f3ster:<\/strong><\/p>\n<ul>\n<li><strong>Inspiraci\u00f3n diaria<\/strong>: Llena tu hogar o espacio de trabajo con historias \u00e9picas de valor, poder y sabidur\u00eda.<\/li>\n<li><strong>Regalo perfecto<\/strong>: Ideal para aquellos apasionados por la mitolog\u00eda, la historia antigua o el arte.<\/li>\n<li><strong>Elemento educativo<\/strong>: Una herramienta visual fant\u00e1stica, con texto en ingl\u00e9s,\u00a0 para el desarrollo cultural.<\/li>\n<li><strong>Altamente decorativo: <\/strong>Dise\u00f1ado con colores que combinan con cualquier estilo.<\/li>\n<\/ul>\n<p><strong>Por qu\u00e9 elegirnos:<\/strong><\/p>\n<ul>\n<li><strong>Calidad garantizada<\/strong>: Utilizamos solo los mejores materiales y t\u00e9cnicas de impresi\u00f3n para garantizar un producto duradero y de alta calidad.<\/li>\n<li><strong>Env\u00edo r\u00e1pido y seguro<\/strong>: Nos aseguramos de que tu p\u00f3ster llegue en perfectas condiciones, empaquetado en tubo de cart\u00f3n r\u00edgido, y enviado en las 24h siguientes de la recepci\u00f3n de tu pedido.<\/li>\n<li><strong>Satisfacci\u00f3n del cliente<\/strong>: Nos enorgullece ofrecer un excelente servicio al cliente y contamos con<a href=\"https:\/\/postercoleccion.com\/contacto\/\"> email y tel\u00e9fono<\/a> de contacto para ayudarte con cualquier pregunta o inquietud.<\/li>\n<\/ul>\n<p>Haz de la mitolog\u00eda n\u00f3rdica una parte de tu vida diaria con este incre\u00edble p\u00f3ster. \u00a1Ordena el tuyo hoy, y comparte tu hogar con la epopeya de los dioses y h\u00e9roes n\u00f3rdicos!<\/p>\n<p>&nbsp;<\/p>\n<h3><a href=\"https:\/\/www.youtube.com\/watch?v=uXOixpgfUsQ&amp;t=2s\"><span style=\"color: #ff0000;\">VIDEO DE LA MITOLOG\u00cdA N\u00d3RDICA<\/span><\/a><\/h3>\n<p><a href=\"https:\/\/www.youtube.com\/watch?v=uXOixpgfUsQ&amp;t=2s\"><img loading=\"lazy\" decoding=\"async\" class=\"size-medium wp-image-150 aligncenter\" src=\"https:\/\/postercoleccion.com\/wp-content\/uploads\/2024\/05\/miniatura-mitologia-nordica2-300x164.jpeg\" alt=\"\" width=\"300\" height=\"164\" srcset=\"https:\/\/postercoleccion.com\/wp-content\/uploads\/2024\/05\/miniatura-mitologia-nordica2-300x164.jpeg 300w, https:\/\/postercoleccion.com\/wp-content\/uploads\/2024\/05\/miniatura-mitologia-nordica2-600x328.jpeg 600w, https:\/\/postercoleccion.com\/wp-content\/uploads\/2024\/05\/miniatura-mitologia-nordica2.jpeg 676w\" sizes=\"auto, (max-width: 300px) 100vw, 300px\" \/><\/a><\/p>\n","protected":false},"excerpt":{"rendered":"<ul>\n<li>Arbol geneal\u00f3gico completo de la Mitolog\u00eda N\u00f3rdica seg\u00fan las Eddas.<\/li>\n<li>Embalaje en tubo de cart\u00f3n resistente<\/li>\n<li>Fabricado en papel couche satinado 120gr.<\/li>\n<li>Medidas: A2 59,4cm x 42cm<\/li>\n<\/ul>\n<p>&nbsp;<\/p>\n","protected":false},"featured_media":156,"template":"","meta":[],"product_brand":[],"product_cat":[24,25],"product_tag":[],"class_list":{"0":"post-135","1":"product","2":"type-product","3":"status-publish","4":"has-post-thumbnail","6":"product_cat-arte-decoracion","7":"product_cat-laminas-culturales-educativas","9":"first","10":"instock","11":"shipping-taxable","12":"purchasable","13":"product-type-simple"},"aioseo_notices":[],"_links":{"self":[{"href":"https:\/\/postercoleccion.com\/index.php?rest_route=\/wp\/v2\/product\/135","targetHints":{"allow":["GET"]}}],"collection":[{"href":"https:\/\/postercoleccion.com\/index.php?rest_route=\/wp\/v2\/product"}],"about":[{"href":"https:\/\/postercoleccion.com\/index.php?rest_route=\/wp\/v2\/types\/product"}],"wp:featuredmedia":[{"embeddable":true,"href":"https:\/\/postercoleccion.com\/index.php?rest_route=\/wp\/v2\/media\/156"}],"wp:attachment":[{"href":"https:\/\/postercoleccion.com\/index.php?rest_route=%2Fwp%2Fv2%2Fmedia&parent=135"}],"wp:term":[{"taxonomy":"product_brand","embeddable":true,"href":"https:\/\/postercoleccion.com\/index.php?rest_route=%2Fwp%2Fv2%2Fproduct_brand&post=135"},{"taxonomy":"product_cat","embeddable":true,"href":"https:\/\/postercoleccion.com\/index.php?rest_route=%2Fwp%2Fv2%2Fproduct_cat&post=135"},{"taxonomy":"product_tag","embeddable":true,"href":"https:\/\/postercoleccion.com\/index.php?rest_route=%2Fwp%2Fv2%2Fproduct_tag&post=135"}],"curies":[{"name":"wp","href":"https:\/\/api.w.org\/{rel}","templated":true}]}}