{"id":51,"date":"2023-11-26T20:07:18","date_gmt":"2023-11-26T19:07:18","guid":{"rendered":"https:\/\/postercoleccion.com\/?post_type=product&#038;p=51"},"modified":"2026-04-14T22:27:13","modified_gmt":"2026-04-14T20:27:13","slug":"poster-mitologia-griega","status":"publish","type":"product","link":"https:\/\/postercoleccion.com\/?product=poster-mitologia-griega","title":{"rendered":"P\u00f3ster Mitolog\u00eda Griega"},"content":{"rendered":"<h2 data-path-to-node=\"10,0\">\u00a0\u00c1rbol Geneal\u00f3gico de la Mitolog\u00eda Griega: El Mapa del Olimpo<\/h2>\n<p data-path-to-node=\"10,1\"><b data-path-to-node=\"10,1\" data-index-in-node=\"0\">Descripci\u00f3n optimizada:<\/b> Domina el caos del Olimpo. La genealog\u00eda de los dioses griegos es fascinante pero enrevesada&#8230; hasta que la ves organizada en esta <a href=\"https:\/\/postercoleccion.com\/producto\/poster-mitologia-griega\/\">l\u00e1mina exclusiva<\/a>.<\/p>\n<p data-path-to-node=\"10,2\">Hemos trazado las l\u00edneas que unen a titanes, dioses y h\u00e9roes para que nunca m\u00e1s dudes de qui\u00e9n es hijo de qui\u00e9n o c\u00f3mo se forjaron los mitos que fundaron Occidente.<\/p>\n<ul data-path-to-node=\"10,3\">\n<li>\n<p data-path-to-node=\"10,3,0,0\"><b data-path-to-node=\"10,3,0,0\" data-index-in-node=\"0\">Estructura por Generaciones:<\/b> Desde las Deidades Primordiales hasta los 12 Ol\u00edmpicos y los h\u00e9roes legendarios.<\/p>\n<\/li>\n<li>\n<p data-path-to-node=\"10,3,1,0\"><b data-path-to-node=\"10,3,1,0\" data-index-in-node=\"0\">Dise\u00f1o Did\u00e1ctico:<\/b> Conexiones claras y elegantes que facilitan el aprendizaje y la decoraci\u00f3n de cualquier estancia.<\/p>\n<\/li>\n<li>\n<p data-path-to-node=\"10,3,2,0\"><b data-path-to-node=\"10,3,2,0\" data-index-in-node=\"0\">El regalo perfecto:<\/b> Para amantes de la cultura cl\u00e1sica, lectores de <a href=\"https:\/\/es.wikipedia.org\/wiki\/Percy_Jackson_y_los_dioses_del_Olimpo_(serie_de_televisi%C3%B3n)\">Percy Jackson<\/a> o estudiantes de humanidades.<\/p>\n<\/li>\n<\/ul>\n<p data-path-to-node=\"10,4\"><i data-path-to-node=\"10,4\" data-index-in-node=\"0\">Lleva el mito a tu hogar y descubre los secretos del linaje de Zeus de forma visual y art\u00edstica.<\/i><\/p>\n<h4><span style=\"font-family: Arial Black;\">LA GRECIA CL\u00c1SICA &#8211; UNA CIVILIZACI\u00d3N FASCINANTE<br \/>\n<\/span><\/h4>\n<p><strong>La Grecia Cl\u00e1sica<\/strong> ha sido una de las <strong>civilizaciones m\u00e1s influyentes de la historia de la humanidad<\/strong>. En primer lugar, sus contribuciones a la <strong>arquitectura<\/strong>, la<strong> escultura<\/strong> y la<strong> filosof\u00eda<\/strong>, fueron fundamentales en la <strong>construcci\u00f3n de la cultura occidental<\/strong>. Adem\u00e1s, <strong>su mitolog\u00eda<\/strong>, rica en historias y leyendas, ha dejado <strong>una huella indeleble en la literatura y el arte<\/strong> a lo largo de los siglos.<\/p>\n<p>Por otro lado, <strong>los antiguos griegos<\/strong> ten\u00edan una <strong>fascinaci\u00f3n por sus propios dioses<\/strong>, cuyas historias contaban una y otra vez. Sin embargo, hab\u00eda un gran problema: <strong>la transmisi\u00f3n oral<\/strong> de los relatos, de boca en boca,<strong> provocaba constantes distorsiones<\/strong>. Como resultado, los mitos se transformaban, y los detalles <strong>variaban seg\u00fan cuando y quien los narrara.<\/strong><\/p>\n<p>De hecho, <strong>no solo los campesinos<\/strong> o los artistas populares <strong>hac\u00edan sus versiones<\/strong> de los mitos. Incluso autores tan prestigiosos como<strong> Homero, Horacio o Esquilo<\/strong>, conocidos por sus obras literarias, <strong>llegaron a contar las mismas historias pero variando<\/strong> aspectos esenciales, como los <strong>personajes o los eventos clave<\/strong>. As\u00ed,<strong> los mitos se desdibujaban<\/strong> y surg\u00edan disputas y controversias entre los escritores y la poblaci\u00f3n en general.<\/p>\n<p><strong>Debido a esto<\/strong>, hubo un autor decidido a poner orden en el caos. <strong>Hes\u00edodo<\/strong>,<strong> inspirado<\/strong> seg\u00fan \u00e9l <strong>por \u00ablas Musas\u00bb<\/strong>,<strong> escribi\u00f3<\/strong> su famosa obra, <strong>La Teogon\u00eda.<\/strong> En esta obra, Hes\u00edodo <strong>describe<\/strong>, de manera detallada,<strong> el origen y parentesco de los dioses griegos<\/strong>, ofreciendo una visi\u00f3n unificada que <strong>resolv\u00eda las controversias existentes<\/strong> entre los relatos previos. Gracias a ello, Hes\u00edodo logr\u00f3 sentar las bases de la mitolog\u00eda griega tal y como la conocemos hoy.<\/p>\n<h4><strong>P\u00d3STER MITOLOG\u00cdA GRIEGA &#8211; UNA OBRA MAESTRA QUE NO PUEDE FALTAR EN TU HOGAR<\/strong><\/h4>\n<p><strong>Este p\u00f3ster no es solo una herramienta educativa<\/strong>, sino una pieza decorativa \u00fanica que, sin duda, aportar\u00e1 una gran distinci\u00f3n a tu espacio. <strong>Impreso en papel couch\u00e9 de alto gramaje (350 g)<\/strong>, <strong>con un tama\u00f1o ideal de 69 cm x 49,5 cm<\/strong>, es perfecto para enmarcar y exhibir en tu hogar, oficina o estudio. <strong>Su elegante dise\u00f1o<\/strong> permitir\u00e1 que, con solo unos pocos toques de creatividad, puedas integrarlo perfectamente en cualquier ambiente, uniendo cultura y distinci\u00f3n en tu espacio de manera \u00fanica.<\/p>\n<p><strong>Adem\u00e1s<\/strong>, su calidad, garantiza que cada detalle y cada l\u00ednea del \u00e1rbol geneal\u00f3gico sea claramente visible, lo que lo convierte en una pieza indispensable para todo amante de la historia, la mitolog\u00eda o la cultura cl\u00e1sica.<\/p>\n<p><strong>En resumen<\/strong>, este p\u00f3ster no solo es una obra de arte, sino tambi\u00e9n una herramienta invaluable para explorar el complejo mundo de la mitolog\u00eda griega. <strong>As\u00ed<\/strong>, los mitos que durante siglos se contaron de generaci\u00f3n en generaci\u00f3n, finalmente encuentran su lugar en un formato accesible y atractivo para todos los interesados en la cultura cl\u00e1sica.<\/p>\n<h4>VIDEOS CORTOS DIVERTIDOS DE FAMOSOS MITOS GRIEGOS\u00a0<span style=\"color: #ff0000;\"> \u00a1\u00a1S\u00c1LVAME DEL OLIMPO!!<\/span><\/h4>\n<p><iframe loading=\"lazy\" title=\"La Venganza de HEFESTO: El Trono Trampa que paraliz\u00f3 el Olimpo \ud83c\udfdb\ufe0f\" width=\"1200\" height=\"675\" src=\"https:\/\/www.youtube.com\/embed\/2zrlm_LZv10?feature=oembed\" frameborder=\"0\" allow=\"accelerometer; autoplay; clipboard-write; encrypted-media; gyroscope; picture-in-picture; web-share\" referrerpolicy=\"strict-origin-when-cross-origin\" allowfullscreen><\/iframe><\/p>\n<p><iframe loading=\"lazy\" title=\"\u00a1S\u00e1lvame del olimpo 2! \u00a1Hades y su cita con Pers\u00e9fone! \u00bfQu\u00e9 dir\u00e1 Dem\u00e9ter?\" width=\"1200\" height=\"675\" src=\"https:\/\/www.youtube.com\/embed\/xXKK8HmE0VI?feature=oembed\" frameborder=\"0\" allow=\"accelerometer; autoplay; clipboard-write; encrypted-media; gyroscope; picture-in-picture; web-share\" referrerpolicy=\"strict-origin-when-cross-origin\" allowfullscreen><\/iframe><\/p>\n<p><iframe loading=\"lazy\" title=\"S\u00e1lvame del olimpo 3 \u00bfFavor con favor se paga? Atlas vs. Heracles: \u00a1La gran carga del Olimpo! \ud83c\udf0d\ud83d\udcaa\" width=\"1200\" height=\"675\" src=\"https:\/\/www.youtube.com\/embed\/9CQ-LLC8f-Q?feature=oembed\" frameborder=\"0\" allow=\"accelerometer; autoplay; clipboard-write; encrypted-media; gyroscope; picture-in-picture; web-share\" referrerpolicy=\"strict-origin-when-cross-origin\" allowfullscreen><\/iframe><\/p>\n<p><iframe loading=\"lazy\" title=\"\u00a1\u00a1S\u00e1lvame del olimpo 4!!  Apolo y Dafne: La Carrera del Amor en la Mitolog\u00eda Griega\" width=\"1200\" height=\"675\" src=\"https:\/\/www.youtube.com\/embed\/nXKmPxVCrSM?feature=oembed\" frameborder=\"0\" allow=\"accelerometer; autoplay; clipboard-write; encrypted-media; gyroscope; picture-in-picture; web-share\" referrerpolicy=\"strict-origin-when-cross-origin\" allowfullscreen><\/iframe><\/p>\n<p><iframe loading=\"lazy\" title=\"\u00a1\u00a1S\u00e1lvame del Olimpo 5!! El Juicio de Par\u00eds: La Elecci\u00f3n que Desat\u00f3 la Guerra de Troya \u2694\ufe0f\" width=\"1200\" height=\"675\" src=\"https:\/\/www.youtube.com\/embed\/Ev3lG8Hq1nE?feature=oembed\" frameborder=\"0\" allow=\"accelerometer; autoplay; clipboard-write; encrypted-media; gyroscope; picture-in-picture; web-share\" referrerpolicy=\"strict-origin-when-cross-origin\" allowfullscreen><\/iframe><\/p>\n<p>&nbsp;<\/p>\n<p>&nbsp;<\/p>\n","protected":false},"excerpt":{"rendered":"<ul>\n<li>Arbol geneal\u00f3gico de la Teogon\u00eda de Hesiodo.<\/li>\n<li>Transporte e IVA incluidos<\/li>\n<li>Embalaje en tubo de cart\u00f3n resistente<\/li>\n<li>Papel couche alto gramaje (350gr)<\/li>\n<li>Medidas 69cm x 49,5cm<\/li>\n<\/ul>\n<p>&nbsp;<\/p>\n","protected":false},"featured_media":151,"template":"","meta":[],"product_brand":[],"product_cat":[24,25],"product_tag":[],"class_list":{"0":"post-51","1":"product","2":"type-product","3":"status-publish","4":"has-post-thumbnail","6":"product_cat-arte-decoracion","7":"product_cat-laminas-culturales-educativas","9":"first","10":"instock","11":"shipping-taxable","12":"purchasable","13":"product-type-simple"},"aioseo_notices":[],"_links":{"self":[{"href":"https:\/\/postercoleccion.com\/index.php?rest_route=\/wp\/v2\/product\/51","targetHints":{"allow":["GET"]}}],"collection":[{"href":"https:\/\/postercoleccion.com\/index.php?rest_route=\/wp\/v2\/product"}],"about":[{"href":"https:\/\/postercoleccion.com\/index.php?rest_route=\/wp\/v2\/types\/product"}],"wp:featuredmedia":[{"embeddable":true,"href":"https:\/\/postercoleccion.com\/index.php?rest_route=\/wp\/v2\/media\/151"}],"wp:attachment":[{"href":"https:\/\/postercoleccion.com\/index.php?rest_route=%2Fwp%2Fv2%2Fmedia&parent=51"}],"wp:term":[{"taxonomy":"product_brand","embeddable":true,"href":"https:\/\/postercoleccion.com\/index.php?rest_route=%2Fwp%2Fv2%2Fproduct_brand&post=51"},{"taxonomy":"product_cat","embeddable":true,"href":"https:\/\/postercoleccion.com\/index.php?rest_route=%2Fwp%2Fv2%2Fproduct_cat&post=51"},{"taxonomy":"product_tag","embeddable":true,"href":"https:\/\/postercoleccion.com\/index.php?rest_route=%2Fwp%2Fv2%2Fproduct_tag&post=51"}],"curies":[{"name":"wp","href":"https:\/\/api.w.org\/{rel}","templated":true}]}}