{"id":53,"date":"2023-11-26T20:12:45","date_gmt":"2023-11-26T19:12:45","guid":{"rendered":"https:\/\/postercoleccion.com\/?post_type=product&#038;p=53"},"modified":"2026-04-14T22:26:08","modified_gmt":"2026-04-14T20:26:08","slug":"poster-arbol-genealogico-de-la-biblia","status":"publish","type":"product","link":"https:\/\/postercoleccion.com\/?product=poster-arbol-genealogico-de-la-biblia","title":{"rendered":"P\u00f3ster Arbol Geneal\u00f3gico de la Biblia"},"content":{"rendered":"<p data-path-to-node=\"11\">\u00a0<strong><i data-path-to-node=\"11\" data-index-in-node=\"17\">L\u00e1mina del G\u00e9nesis y \u00c1rbol Geneal\u00f3gico de Jes\u00fas: Del Ed\u00e9n a Nazaret<\/i><\/strong><\/p>\n<blockquote data-path-to-node=\"13\">\n<p data-path-to-node=\"13,0\">\u00ab\u00bfAlguna vez has intentado seguir el hilo de las generaciones en el G\u00e9nesis? Esta l\u00e1mina es la <b data-path-to-node=\"13,0\" data-index-in-node=\"95\">br\u00fajula definitiva<\/b> para todo estudiante de la Biblia, te\u00f3logo o apasionado de la historia sagrada.<\/p>\n<ul data-path-to-node=\"13,1\">\n<li>\n<p data-path-to-node=\"13,1,0,0\"><b data-path-to-node=\"13,1,0,0\" data-index-in-node=\"0\">Cronolog\u00eda Total:<\/b> Un mapa exhaustivo que conecta a <b data-path-to-node=\"13,1,0,0\" data-index-in-node=\"51\">Ad\u00e1n y Eva<\/b> con <b data-path-to-node=\"13,1,0,0\" data-index-in-node=\"66\">Jes\u00fas de Nazaret<\/b>, atravesando los hitos de No\u00e9, Abrah\u00e1n y Jacob.<\/p>\n<\/li>\n<li>\n<p data-path-to-node=\"13,1,1,0\"><b data-path-to-node=\"13,1,1,0\" data-index-in-node=\"0\">Las 12 Tribus y M\u00e1s:<\/b> Visualiza de forma in\u00e9dita no solo a las tribus de Israel, sino tambi\u00e9n los linajes de Ismael, Esa\u00fa y los hijos de Quetur\u00e1.<\/p>\n<\/li>\n<li>\n<p data-path-to-node=\"13,1,2,0\"><b data-path-to-node=\"13,1,2,0\" data-index-in-node=\"0\">Rigor B\u00edblico:<\/b> Incluye referencias directas (G\u00e9nesis, \u00c9xodo) que explican los puntos de ruptura y bendici\u00f3n de cada linaje.<\/p>\n<\/li>\n<li>\n<p data-path-to-node=\"13,1,3,0\"><b data-path-to-node=\"13,1,3,0\" data-index-in-node=\"0\">Claridad en el Caos:<\/b> Dise\u00f1ada para evitar la confusi\u00f3n entre nombres repetidos y parentescos complejos.<\/p>\n<\/li>\n<\/ul>\n<p data-path-to-node=\"13,2\"><i data-path-to-node=\"13,2\" data-index-in-node=\"0\">No es solo una l\u00e1mina, es la llave para entender el plan de la historia b\u00edblica de un solo vistazo. Perfecta para seminarios, parroquias o estudio personal.<\/i>\u00ab<\/p>\n<\/blockquote>\n<p class=\"western\" align=\"left\"><a href=\"https:\/\/postercoleccion.com\/producto\/poster-arbol-genealogico-de-la-biblia\/\"><span style=\"font-family: Arial Black;\">P<span style=\"color: #000000;\"><span style=\"font-size: medium;\"><span lang=\"es-ES\">\u00d3STER ARBOL GENEALOGICO DE LA BIBLIA<\/span><\/span><\/span><\/span><\/a><\/p>\n<p class=\"western\" align=\"left\"><b>La Biblia<\/b>, es el libro <b>m\u00e1s vendido en el mundo<\/b>. Ocupa un margen de tiempo que se prolonga desde la creaci\u00f3n, hasta la muerte de Jesucristo, completando numerosas generaciones.<\/p>\n<p class=\"western\" align=\"left\">Este libro est\u00e1 <b>compuesto por 73 escritos <\/b>en los que aparecen <b>centenares de personajes<\/b>, incluso algunos con un mismo nombre. Es por lo tanto normal, perderse en tan amplio espacio de tiempo y con un n\u00famero tan alto de protagonistas.<\/p>\n<p class=\"western\" align=\"left\">Desde <b>Postercoleccion<\/b>, ofrecemos este p\u00f3ster con el <b>\u00e1rbol geneal\u00f3gico completo de la Biblia<\/b>, donde poder recurrir, para situar a cada personaje b\u00edblico en su momento hist\u00f3rico.<\/p>\n<p class=\"western\" align=\"left\">El p\u00f3ster est\u00e1 realizado en <span style=\"font-family: Arial Black;\">papel couche<\/span> de alto gramaje <span style=\"font-family: Arial Black;\">(350gr)<\/span> y con unas medidas de <span style=\"font-family: Arial Black;\">69cm x 49,5cm<\/span><\/p>\n","protected":false},"excerpt":{"rendered":"<ul>\n<li>Arbol geneal\u00f3gico completo del G\u00e9nesis<\/li>\n<li>Papel couche alto gramage (350gr)<\/li>\n<li>Medidas 69cm x 49,5cm<\/li>\n<li>Embalaje en tubo de cart\u00f3n<\/li>\n<\/ul>\n","protected":false},"featured_media":152,"template":"","meta":[],"product_brand":[],"product_cat":[24,25],"product_tag":[],"class_list":{"0":"post-53","1":"product","2":"type-product","3":"status-publish","4":"has-post-thumbnail","6":"product_cat-arte-decoracion","7":"product_cat-laminas-culturales-educativas","9":"first","10":"instock","11":"shipping-taxable","12":"purchasable","13":"product-type-simple"},"aioseo_notices":[],"_links":{"self":[{"href":"https:\/\/postercoleccion.com\/index.php?rest_route=\/wp\/v2\/product\/53","targetHints":{"allow":["GET"]}}],"collection":[{"href":"https:\/\/postercoleccion.com\/index.php?rest_route=\/wp\/v2\/product"}],"about":[{"href":"https:\/\/postercoleccion.com\/index.php?rest_route=\/wp\/v2\/types\/product"}],"wp:featuredmedia":[{"embeddable":true,"href":"https:\/\/postercoleccion.com\/index.php?rest_route=\/wp\/v2\/media\/152"}],"wp:attachment":[{"href":"https:\/\/postercoleccion.com\/index.php?rest_route=%2Fwp%2Fv2%2Fmedia&parent=53"}],"wp:term":[{"taxonomy":"product_brand","embeddable":true,"href":"https:\/\/postercoleccion.com\/index.php?rest_route=%2Fwp%2Fv2%2Fproduct_brand&post=53"},{"taxonomy":"product_cat","embeddable":true,"href":"https:\/\/postercoleccion.com\/index.php?rest_route=%2Fwp%2Fv2%2Fproduct_cat&post=53"},{"taxonomy":"product_tag","embeddable":true,"href":"https:\/\/postercoleccion.com\/index.php?rest_route=%2Fwp%2Fv2%2Fproduct_tag&post=53"}],"curies":[{"name":"wp","href":"https:\/\/api.w.org\/{rel}","templated":true}]}}