{"id":88,"date":"2023-12-30T11:13:39","date_gmt":"2023-12-30T10:13:39","guid":{"rendered":"https:\/\/postercoleccion.com\/?post_type=product&#038;p=88"},"modified":"2026-04-14T22:25:40","modified_gmt":"2026-04-14T20:25:40","slug":"pack-4-posters-culturales","status":"publish","type":"product","link":"https:\/\/postercoleccion.com\/?product=pack-4-posters-culturales","title":{"rendered":"Pack 4 Posters culturales"},"content":{"rendered":"<p><span style=\"font-family: Arial Black;\">PACK 4 POSTERS CULTURALES <\/span><\/p>\n<p><span style=\"font-family: Arial, sans-serif;\"><span style=\"font-size: large;\">Aprovecha las ventajas de este pack ahorro y consigue nuestras l\u00e1minas a mitad de precio.<\/span><\/span><\/p>\n<p><a href=\"https:\/\/postercoleccion.com\/producto\/poster-mitologia-griega\/\">L\u00e1mina de Mitolog\u00eda Griega<\/a><\/p>\n<p><a href=\"https:\/\/postercoleccion.com\/producto\/poster-historia-y-mitologia-de-roma\/\">L\u00e1mina de Historia de Roma<\/a><\/p>\n<p><a href=\"https:\/\/postercoleccion.com\/producto\/poster-mitologia-nordica\/\">L\u00e1mina de Mitolog\u00eda N\u00f3rdica<\/a><\/p>\n<p><a href=\"https:\/\/postercoleccion.com\/producto\/poster-historia-de-espana\/\">L\u00e1mina de Historia de Espa\u00f1a<\/a><\/p>\n<p>&nbsp;<\/p>\n<p><span style=\"font-family: Arial, sans-serif;\"><span style=\"font-size: large;\">\u00a0<\/span><\/span><\/p>\n","protected":false},"excerpt":{"rendered":"<ul>\n<li>Embalaje en tubo de cart\u00f3n resistente<\/li>\n<\/ul>\n<p>&nbsp;<\/p>\n","protected":false},"featured_media":155,"template":"","meta":[],"product_brand":[],"product_cat":[24,25],"product_tag":[],"class_list":{"0":"post-88","1":"product","2":"type-product","3":"status-publish","4":"has-post-thumbnail","6":"product_cat-arte-decoracion","7":"product_cat-laminas-culturales-educativas","9":"first","10":"instock","11":"shipping-taxable","12":"purchasable","13":"product-type-simple"},"aioseo_notices":[],"_links":{"self":[{"href":"https:\/\/postercoleccion.com\/index.php?rest_route=\/wp\/v2\/product\/88","targetHints":{"allow":["GET"]}}],"collection":[{"href":"https:\/\/postercoleccion.com\/index.php?rest_route=\/wp\/v2\/product"}],"about":[{"href":"https:\/\/postercoleccion.com\/index.php?rest_route=\/wp\/v2\/types\/product"}],"wp:featuredmedia":[{"embeddable":true,"href":"https:\/\/postercoleccion.com\/index.php?rest_route=\/wp\/v2\/media\/155"}],"wp:attachment":[{"href":"https:\/\/postercoleccion.com\/index.php?rest_route=%2Fwp%2Fv2%2Fmedia&parent=88"}],"wp:term":[{"taxonomy":"product_brand","embeddable":true,"href":"https:\/\/postercoleccion.com\/index.php?rest_route=%2Fwp%2Fv2%2Fproduct_brand&post=88"},{"taxonomy":"product_cat","embeddable":true,"href":"https:\/\/postercoleccion.com\/index.php?rest_route=%2Fwp%2Fv2%2Fproduct_cat&post=88"},{"taxonomy":"product_tag","embeddable":true,"href":"https:\/\/postercoleccion.com\/index.php?rest_route=%2Fwp%2Fv2%2Fproduct_tag&post=88"}],"curies":[{"name":"wp","href":"https:\/\/api.w.org\/{rel}","templated":true}]}}